{"id":3,"date":"2018-11-22T08:12:28","date_gmt":"2018-11-22T08:12:28","guid":{"rendered":"https:\/\/www.diletante.net\/?page_id=3"},"modified":"2023-03-14T16:40:53","modified_gmt":"2023-03-14T15:40:53","slug":"politica-privacidad","status":"publish","type":"page","link":"https:\/\/www.diletante.net\/fr\/politica-privacidad\/","title":{"rendered":"Pol\u00edtica de privacidad"},"content":{"rendered":"<p><strong>En este sitio nos comprometemos a respetar su privacidad.<\/strong><\/p>\n\n\n\n<h2 class=\"wp-block-heading\">Qu\u00e9 datos personales recogemos y por qu\u00e9 los recogemos<\/h2>\n\n\n\n<h3 class=\"wp-block-heading\">Cookies<\/h3>\n\n\n\n<p>Puede navegar por http:\/\/www.diletante.net sin revelar activamente informaci\u00f3n acerca de su persona. No obstante, <strong>el acceso a este sitio puede suponer la utilizaci\u00f3n de <em>cookies<\/em><\/strong>. Las <em>cookies<\/em> son peque\u00f1as cantidades de informaci\u00f3n que se almacenan en el navegador utilizado por cada usuario para que el servidor recuerde cierta informaci\u00f3n que posteriormente pueda utilizar.<\/p>\n\n\n\n<p>Si se deja un comentario en nuestro sitio el usuario puede elegir guardar su nombre, direcci\u00f3n de correo electr\u00f3nico y web en <em>cookies<\/em>. Esto es para su comodidad, para que no tenga que volver a rellenar sus datos si se deja otro comentario. Estas <em>cookies<\/em> tendr\u00e1n una duraci\u00f3n de un a\u00f1o.<\/p>\n\n\n\n<p>Si se tiene una cuenta en este sitio, se instalar\u00e1 una <em>cookie<\/em> temporal para determinar si su navegador acepta <em>cookies<\/em>. Esta <em>cookie<\/em> no contiene datos personales y se elimina al cerrar el navegador.<\/p>\n\n\n\n<p>Al iniciar sesi\u00f3n tambi\u00e9n se instalan varias <em>cookies<\/em> para guardar informaci\u00f3n de inicio de sesi\u00f3n y opciones de visualizaci\u00f3n de pantalla. Las <em>cookies<\/em> de inicio de sesi\u00f3n duran dos d\u00edas, y las <em>cookies<\/em> de opciones de pantalla duran un a\u00f1o. Si se selecciona \u00ab\u00a0Recordarme\u00a0\u00bb, los datos de inicio de sesi\u00f3n del usuario se guardar\u00e1n dos semanas. Si sale de su cuenta, las <em>cookies<\/em> de inicio de sesi\u00f3n se eliminar\u00e1n.<\/p>\n\n\n\n<p>Si el usuario publica o modifica un art\u00edculo se guardar\u00e1 una <em>cookie<\/em> adicional en tu navegador. Esta <em>cookie<\/em> no incluye datos personales y simplemente indica el ID del art\u00edculo que acabas de editar. Caduca despu\u00e9s de 1 d\u00eda.<\/p>\n\n\n\n<h3 class=\"wp-block-heading\">Comentarios<\/h3>\n\n\n\n<p>Cuando los visitantes dejan comentarios en la web, recopilamos los datos que se muestran en el formulario de comentarios, as\u00ed como la direcci\u00f3n IP del visitante y la cadena de agentes de usuario del navegador para ayudar a la detecci\u00f3n de <em>spam<\/em>.<\/p>\n\n\n\n<p>Es posible que se cree una cadena an\u00f3nima (tambi\u00e9n llamada <em>hash<\/em>) creada a partir de su direcci\u00f3n de correo electr\u00f3nico para proporcion\u00e1rsela al servicio de Gravatar y as\u00ed comprobar si usa ese servicio. La pol\u00edtica de privacidad del servicio Gravatar est\u00e1 disponible aqu\u00ed: <a href=\"https:\/\/automattic.com\/privacy\/\" target=\"_blank\" rel=\"noopener\">https:\/\/automattic.com\/privacy\/<\/a>. Si el usuario dispone de cuenta en Gravatar, despu\u00e9s de la aprobaci\u00f3n de su comentario la imagen de su perfil ser\u00e1 visible a todo el p\u00fablico en el contexto de su comentario.<\/p>\n\n\n\n<h3 class=\"wp-block-heading\">Contenido incrustado de otros sitios web<\/h3>\n\n\n\n<p>Los art\u00edculos de este sitio pueden incluir contenido incrustado (por ejemplo, v\u00eddeos, im\u00e1genes, art\u00edculos, etc.). El contenido incrustado de otras web se comporta exactamente de la misma manera que si el visitante hubiera visitado la otra web.<\/p>\n\n\n\n<p>Estas webs pueden recopilar datos sobre usted, utilizar <em>cookies<\/em>, incrustar un seguimiento adicional de terceros y supervisar su interacci\u00f3n con ese contenido incrustado, incluido el seguimiento de su interacci\u00f3n con el contenido incrustado si el usuario tiene una cuenta y est\u00e1 conectado a esa web.<\/p>\n\n\n\n<h3 class=\"wp-block-heading\">Enlaces<\/h3>\n\n\n\n<p>En nuestro sitio se ofrecen enlaces a <strong>sitios de terceros<\/strong>.<br>Debido a que no controlamos esos sitios web, le aconsejamos que revise sus pol\u00edticas de privacidad.<br>Nosotros no nos responsabilizamos de las pol\u00edticas de privacidad ni del contenido de las p\u00e1ginas de terceros.<\/p>\n\n\n\n<h3 class=\"wp-block-heading\">Anal\u00edtica<\/h3>\n\n\n\n<p><strong>Los proveedores de estad\u00edsticas del sitio recopilan algunos datos<\/strong> referentes a los visitantes tales como el nombre de proveedor de Internet, n\u00famero de visitas y tiempo promedio que se ha invertido en el sitio. Analizamos esta informaci\u00f3n para conocer las tendencias de uso y as\u00ed ayudarnos a proporcionarle el mejor servicio posible.<\/p>\n\n\n\n<h3 class=\"wp-block-heading\">Medios<\/h3>\n\n\n\n<p>Debe evitarse subir a la web im\u00e1genes con datos de ubicaci\u00f3n (GPS EXIF) incluidos. Los visitantes de la web pueden descargar y extraer cualquier dato de localizaci\u00f3n de las im\u00e1genes de la web.<\/p>\n\n\n\n<h3 class=\"wp-block-heading\">Formularios de contacto<\/h3>\n\n\n\n<p>Es posible que en alguna ocasi\u00f3n solicitemos <strong>informaci\u00f3n acerca de usted<\/strong>, como su nombre, edad, direcci\u00f3n de correo electr\u00f3nico y gustos. En este sitio, el fin del uso de esta informaci\u00f3n personal que usted accede a proporcionar es principalmente controlar el uso de los formularios, realizar encuestas y responder a los mensajes que pueda enviarnos.<\/p>\n\n\n\n<h2 class=\"wp-block-heading\">Cu\u00e1nto tiempo conservamos sus datos<\/h2>\n\n\n\n<p>Si el usuario deja un comentario, el comentario y sus metadatos se conservan indefinidamente. Esto es para que podamos reconocer y aprobar comentarios sucesivos autom\u00e1ticamente en lugar de mantenerlos en una cola de moderaci\u00f3n.<\/p>\n\n\n\n<p>De los usuarios que se registran en nuestra web (si los hay) tambi\u00e9n almacenamos la informaci\u00f3n personal que proporcionan en su perfil de usuario. Todos los usuarios pueden ver, editar o eliminar su informaci\u00f3n personal en cualquier momento (excepto que no pueden cambiar su nombre de usuario). Los administradores de la web tambi\u00e9n pueden ver y editar esa informaci\u00f3n.<\/p>\n\n\n\n<h2 class=\"wp-block-heading\">Qu\u00e9 derechos tiene sobre sus datos<\/h2>\n\n\n\n<p>Si tiene una cuenta o ha dejado comentarios en esta web, puede solicitar recibir un archivo de exportaci\u00f3n de los datos personales que tenemos sobre usted, incluyendo cualquier dato que nos haya proporcionado. Tambi\u00e9n puede solicitar que eliminemos cualquier dato personal que tengamos sobre usted. Esto no incluye ning\u00fan dato que estemos obligados a conservar con fines administrativos, legales o de seguridad.<\/p>\n\n\n\n<p><strong>No daremos a conocer o revelaremos la informaci\u00f3n privada<\/strong> que se recopile de nuestros visitantes a no ser que nos veamos obligados a responder a un proceso judicial y, conforme lo permitan las leyes aplicables, proporcionar informaci\u00f3n a las agencias o dependencias encargadas del cumplimiento con la ley, o en conexi\u00f3n con una investigaci\u00f3n o materia relacionada con la seguridad p\u00fablica.<\/p>\n\n\n\n<h2 class=\"wp-block-heading\">D\u00f3nde enviamos sus datos<\/h2>\n\n\n\n<p>Los comentarios de los visitantes puede que los revise un servicio de detecci\u00f3n autom\u00e1tica de <em>spam<\/em>.<\/p>\n\n\n\n<h2 class=\"wp-block-heading\">Deberes del usuario<\/h2>\n\n\n\n<p><strong>El usuario se compromete a hacer un uso del sitio web y de sus servicios con total sujeci\u00f3n a la Ley, a las buenas costumbres y al presente aviso legal. <\/strong><\/p>\n\n\n\n<p><strong>Los contenidos de este sitio web se encuentran protegidos por una licencia <a href=\"http:\/\/creativecommons.org\/licenses\/by-sa\/3.0\/deed.es\" rel=\"external\">Creative Commons Atribuci\u00f3n Compartir Igual<\/a><\/strong>. Queda terminantemente prohibida la reproducci\u00f3n (excepto para uso privado), la transformaci\u00f3n, y en general cualquier otra forma de explotaci\u00f3n, por cualquier procedimiento, de todo o parte de los contenidos de este sitio web sin citar a sus respectivos autores, salvo autorizaci\u00f3n expresa, previa y por escrito.<\/p>\n\n\n\n<p><strong>No se permite sin el previo consentimiento de Diletante.net cualquier manipulaci\u00f3n o alteraci\u00f3n de este sitio web<\/strong>. Consecuentemente, Diletante.net no asumir\u00e1 ninguna responsabilidad derivada, o que pudiera derivarse, de dicha alteraci\u00f3n o manipulaci\u00f3n por terceros.<\/p>","protected":false},"excerpt":{"rendered":"<p>En este sitio nos comprometemos a respetar su privacidad. Qu\u00e9 datos personales recogemos y por qu\u00e9 los recogemos Cookies Puede navegar por http:\/\/www.diletante.net sin revelar activamente informaci\u00f3n acerca de su persona. No obstante, el acceso a este sitio puede suponer la utilizaci\u00f3n de cookies. Las cookies son peque\u00f1as cantidades de informaci\u00f3n que se almacenan en [&hellip;]<\/p>\n","protected":false},"author":1,"featured_media":0,"parent":0,"menu_order":0,"comment_status":"closed","ping_status":"open","template":"","meta":{"jetpack_post_was_ever_published":false,"footnotes":""},"class_list":["post-3","page","type-page","status-publish","hentry"],"jetpack_sharing_enabled":true,"jetpack_shortlink":"https:\/\/wp.me\/PavTmh-3","_links":{"self":[{"href":"https:\/\/www.diletante.net\/fr\/wp-json\/wp\/v2\/pages\/3","targetHints":{"allow":["GET"]}}],"collection":[{"href":"https:\/\/www.diletante.net\/fr\/wp-json\/wp\/v2\/pages"}],"about":[{"href":"https:\/\/www.diletante.net\/fr\/wp-json\/wp\/v2\/types\/page"}],"author":[{"embeddable":true,"href":"https:\/\/www.diletante.net\/fr\/wp-json\/wp\/v2\/users\/1"}],"replies":[{"embeddable":true,"href":"https:\/\/www.diletante.net\/fr\/wp-json\/wp\/v2\/comments?post=3"}],"version-history":[{"count":21,"href":"https:\/\/www.diletante.net\/fr\/wp-json\/wp\/v2\/pages\/3\/revisions"}],"predecessor-version":[{"id":7217,"href":"https:\/\/www.diletante.net\/fr\/wp-json\/wp\/v2\/pages\/3\/revisions\/7217"}],"wp:attachment":[{"href":"https:\/\/www.diletante.net\/fr\/wp-json\/wp\/v2\/media?parent=3"}],"curies":[{"name":"wp","href":"https:\/\/api.w.org\/{rel}","templated":true}]}}